{"id":110,"date":"2025-03-19T19:07:53","date_gmt":"2025-03-19T19:07:53","guid":{"rendered":"https:\/\/vadetsvag.se\/?page_id=110"},"modified":"2025-05-16T10:58:21","modified_gmt":"2025-05-16T10:58:21","slug":"lamna-synpunkter-och-forslag","status":"publish","type":"page","link":"https:\/\/vadetsvag.se\/?page_id=110","title":{"rendered":"L\u00e4mna synpunkter och f\u00f6rslag"},"content":{"rendered":"\n<p><strong>Har du synpunkter eller f\u00f6rslag? Skriv en motion till \u00e5rsst\u00e4mman!<\/strong><br><br>En motion \u00e4r kort och gott ett f\u00f6rslag p\u00e5 n\u00e5got som man tycker ska g\u00f6ras eller \u00e5tg\u00e4rdas inom ramen f\u00f6r v\u00e4gsamf\u00e4lligheten. Det kan g\u00e4lla v\u00e4gunderh\u00e5ll, st\u00e4dning l\u00e4ngs v\u00e4gen, farthinder, skyltar, sn\u00f6k\u00e4ppar, m\u00f6ten eller vad som helst.<br><br>En motion kan vara ibland vara b\u00e4ttre \u00e4n att ta upp fr\u00e5gan under \u00f6vriga punkter p\u00e5 \u00e5rsst\u00e4mman,<br>eftersom det ger st\u00e4mman en f\u00f6rberedd och dokumenterad fr\u00e5ga att ta st\u00e4llning till.<br><br><strong>Hur skriver man en motion?<\/strong><br><br>Du f\u00e5r givetvis skriva hur du vill, men det blir l\u00e4ttare att ta st\u00e4llning i fr\u00e5gan om du formulerar en<br>kortfattad text som beskriver \u00e4mnet och sedan avslutar med ett yrkande &#8211; \u201cjag f\u00f6resl\u00e5r d\u00e4rf\u00f6r\u2026\u201d<br>\u00c5rsst\u00e4mman kan d\u00e5 enklare svara med bifall (Ja) eller avslag (Nej).<br><br>Du skickar din motion till styrelsen (e-post <a href=\"mailto:styrelsen@vadetsvag.se\">styrelsen@vadetsvag.se<\/a>). <br><br><strong>Exempel:<\/strong><br><br><em>Motion till \u00e5rsm\u00f6tet Vadets v\u00e4gsamf\u00e4llighet 2020-04-20<br>F\u00f6rnamn Efternamn<br>Adress<br><\/em><br><em>Bilaga 1 \u2013 \u00c5rshjul Vadets v\u00e4gsamf\u00e4llighet<br><\/em><br><em>\u00c5rshjul f\u00f6r styrelsearbete och v\u00e4gunderh\u00e5ll.<br>F\u00f6r att underl\u00e4tta arbetet f\u00f6r nuvarande och framtida styrelser i f\u00f6reningen kan ett \u00e5rshjul som<br>beskriver huvudsakliga arbetsuppgifter, och n\u00e4r under \u00e5ret de infaller, vara ett bra st\u00f6d.<\/em><br><br><em>\u00c5rshjulet har tre huvudsakliga uppgifter:<\/em><\/p>\n\n\n\n<ul class=\"wp-block-list\">\n<li><em>Grovt f\u00f6rdela och schemal\u00e4gga styrelsem\u00f6ten \u00f6ver \u00e5ret.<\/em><\/li>\n\n\n\n<li><em>G\u00f6ra en ungef\u00e4rlig schemal\u00e4ggning f\u00f6r underh\u00e5ll av v\u00e4gen s\u00e5 att \u00e4ven helt nya<br>styrelsemedlemmar p\u00e5 ett enkelt s\u00e4tt ska f\u00e5 f\u00f6rst\u00e5else f\u00f6r vad som beh\u00f6ver g\u00f6ras \u2013 och n\u00e4r.<\/em><\/li>\n\n\n\n<li><em>S\u00e4kerst\u00e4lla att underh\u00e5ll som inte g\u00f6rs varje \u00e5r \u00e4nd\u00e5 tas upp och g\u00e5s igenom varje \u00e5r vid<br>minst ett styrelsem\u00f6te. Exempel p\u00e5 s\u00e5dant underh\u00e5ll \u00e4r dikesgr\u00e4vning och tr\u00e4dklippning.<\/em><br><br><em>Jag f\u00f6resl\u00e5r d\u00e4rf\u00f6r;<br>att \u00e5rsst\u00e4mman antar \u00e5rshjulet att g\u00e4lla tillsvidare s\u00e5 att s\u00e5v\u00e4l styrelsearbete som v\u00e4gunderh\u00e5ll<br>struktureras p\u00e5 ett enkelt och l\u00e4ttbegriplingt s\u00e4tt.<\/em><\/li>\n<\/ul>\n","protected":false},"excerpt":{"rendered":"<p>Har du synpunkter eller f\u00f6rslag? Skriv en motion till \u00e5rsst\u00e4mman! En motion \u00e4r kort och gott ett f\u00f6rslag p\u00e5 n\u00e5got som man tycker ska g\u00f6ras eller \u00e5tg\u00e4rdas inom ramen f\u00f6r v\u00e4gsamf\u00e4lligheten. Det kan g\u00e4lla v\u00e4gunderh\u00e5ll, st\u00e4dning l\u00e4ngs v\u00e4gen, farthinder, skyltar, sn\u00f6k\u00e4ppar, m\u00f6ten eller vad som helst. En motion kan vara ibland vara b\u00e4ttre \u00e4n att [&hellip;]<\/p>\n","protected":false},"author":1,"featured_media":0,"parent":0,"menu_order":0,"comment_status":"closed","ping_status":"closed","template":"","meta":{"footnotes":""},"class_list":["post-110","page","type-page","status-publish","hentry"],"_links":{"self":[{"href":"https:\/\/vadetsvag.se\/index.php?rest_route=\/wp\/v2\/pages\/110","targetHints":{"allow":["GET"]}}],"collection":[{"href":"https:\/\/vadetsvag.se\/index.php?rest_route=\/wp\/v2\/pages"}],"about":[{"href":"https:\/\/vadetsvag.se\/index.php?rest_route=\/wp\/v2\/types\/page"}],"author":[{"embeddable":true,"href":"https:\/\/vadetsvag.se\/index.php?rest_route=\/wp\/v2\/users\/1"}],"replies":[{"embeddable":true,"href":"https:\/\/vadetsvag.se\/index.php?rest_route=%2Fwp%2Fv2%2Fcomments&post=110"}],"version-history":[{"count":5,"href":"https:\/\/vadetsvag.se\/index.php?rest_route=\/wp\/v2\/pages\/110\/revisions"}],"predecessor-version":[{"id":137,"href":"https:\/\/vadetsvag.se\/index.php?rest_route=\/wp\/v2\/pages\/110\/revisions\/137"}],"wp:attachment":[{"href":"https:\/\/vadetsvag.se\/index.php?rest_route=%2Fwp%2Fv2%2Fmedia&parent=110"}],"curies":[{"name":"wp","href":"https:\/\/api.w.org\/{rel}","templated":true}]}}