{"id":26,"date":"2025-01-12T10:28:44","date_gmt":"2025-01-12T10:28:44","guid":{"rendered":"https:\/\/vadetsvag.se\/?page_id=26"},"modified":"2025-04-06T17:21:04","modified_gmt":"2025-04-06T17:21:04","slug":"motesprotokoll","status":"publish","type":"page","link":"https:\/\/vadetsvag.se\/?page_id=26","title":{"rendered":"\u00c5rsst\u00e4mmoprotokoll"},"content":{"rendered":"\n<div class=\"wp-block-group has-global-padding is-layout-constrained wp-block-group-is-layout-constrained\"><\/div>\n\n\n\n<p>Aktuellt \u00e5rsst\u00e4mmoprotokoll s\u00e4tts upp p\u00e5 anslagstavlorna p\u00e5 Hagenv\u00e4gen och Lind\u00e5sens v\u00e4g, senast tv\u00e5 veckor efter \u00e5rsm\u00f6tet.<br><br>F\u00f6r \u00e4ldre \u00e5rsst\u00e4mmoprotokoll, melja f\u00f6rfr\u00e5gan till <a href=\"mailto:styrelsen@vadetsvag.se\">styrelsen@vadetsvag.se<\/a><\/p>\n\n\n\n<p><\/p>\n","protected":false},"excerpt":{"rendered":"<p>Aktuellt \u00e5rsst\u00e4mmoprotokoll s\u00e4tts upp p\u00e5 anslagstavlorna p\u00e5 Hagenv\u00e4gen och Lind\u00e5sens v\u00e4g, senast tv\u00e5 veckor efter \u00e5rsm\u00f6tet. F\u00f6r \u00e4ldre \u00e5rsst\u00e4mmoprotokoll, melja f\u00f6rfr\u00e5gan till styrelsen@vadetsvag.se<\/p>\n","protected":false},"author":1,"featured_media":0,"parent":0,"menu_order":0,"comment_status":"closed","ping_status":"closed","template":"","meta":{"footnotes":""},"class_list":["post-26","page","type-page","status-publish","hentry"],"_links":{"self":[{"href":"https:\/\/vadetsvag.se\/index.php?rest_route=\/wp\/v2\/pages\/26","targetHints":{"allow":["GET"]}}],"collection":[{"href":"https:\/\/vadetsvag.se\/index.php?rest_route=\/wp\/v2\/pages"}],"about":[{"href":"https:\/\/vadetsvag.se\/index.php?rest_route=\/wp\/v2\/types\/page"}],"author":[{"embeddable":true,"href":"https:\/\/vadetsvag.se\/index.php?rest_route=\/wp\/v2\/users\/1"}],"replies":[{"embeddable":true,"href":"https:\/\/vadetsvag.se\/index.php?rest_route=%2Fwp%2Fv2%2Fcomments&post=26"}],"version-history":[{"count":8,"href":"https:\/\/vadetsvag.se\/index.php?rest_route=\/wp\/v2\/pages\/26\/revisions"}],"predecessor-version":[{"id":118,"href":"https:\/\/vadetsvag.se\/index.php?rest_route=\/wp\/v2\/pages\/26\/revisions\/118"}],"wp:attachment":[{"href":"https:\/\/vadetsvag.se\/index.php?rest_route=%2Fwp%2Fv2%2Fmedia&parent=26"}],"curies":[{"name":"wp","href":"https:\/\/api.w.org\/{rel}","templated":true}]}}